{"id":211,"date":"2020-06-30T10:11:22","date_gmt":"2020-06-30T10:11:22","guid":{"rendered":"http:\/\/brouwers-psychologie.de\/?page_id=211"},"modified":"2025-12-14T09:47:45","modified_gmt":"2025-12-14T09:47:45","slug":"ueber-mich","status":"publish","type":"page","link":"https:\/\/brouwers-psychologie.de\/?page_id=211","title":{"rendered":"\u00dcber mich"},"content":{"rendered":"\n<figure class=\"wp-block-image size-large is-style-default\"><img loading=\"lazy\" decoding=\"async\" width=\"768\" height=\"1024\" src=\"https:\/\/brouwers-psychologie.de\/wp-content\/uploads\/2024\/12\/Bild45-1-768x1024.jpg\" alt=\"\" class=\"wp-image-278\" srcset=\"https:\/\/brouwers-psychologie.de\/wp-content\/uploads\/2024\/12\/Bild45-1-768x1024.jpg 768w, https:\/\/brouwers-psychologie.de\/wp-content\/uploads\/2024\/12\/Bild45-1-225x300.jpg 225w, https:\/\/brouwers-psychologie.de\/wp-content\/uploads\/2024\/12\/Bild45-1-1152x1536.jpg 1152w, https:\/\/brouwers-psychologie.de\/wp-content\/uploads\/2024\/12\/Bild45-1-1536x2048.jpg 1536w, https:\/\/brouwers-psychologie.de\/wp-content\/uploads\/2024\/12\/Bild45-1-scaled.jpg 1920w\" sizes=\"auto, (max-width: 767px) 89vw, (max-width: 1000px) 54vw, (max-width: 1071px) 543px, 580px\" \/><\/figure>\n\n\n\n<p><\/p>\n\n\n\n<p>Geboren am 22. Mai 1986 und aufgewachsen im wundersch\u00f6nen Rio de Janeiro, begann mein beruflicher Weg nach dem abgeschlossenen Abitur mit einer Ausbildung zur Industriekauffrau im Familienunternehmen. Im Anschluss absolvierte ich an einer Privatuniversit\u00e4t in Rio de Janeiro erfolgreich das Studium der Psychologie, einschlie\u00dflich der Fachrichtung Klinische Psychologie. Nach meinem Studium war ich selbst\u00e4ndig als Psychologin in einer Gemeinschaftspraxis in der N\u00e4he von Rio de Janeiro (Resende) t\u00e4tig.<\/p>\n\n\n\n<p>Um meine fachliche Kompetenz weiter zu vertiefen \u2013 insbesondere in den Bereichen Gestalttherapie und Hypnose \u2013 zog ich im Jahr 2015 nach Stuttgart, wo ich meine kontinuierliche berufliche und pers\u00f6nliche Weiterentwicklung fortsetzte.<\/p>\n\n\n\n<p><\/p>\n\n\n\n<p>Meine Ausbildungen, Abschl\u00fcsse und berufliche Laufbahn umfassen unter anderem:<\/p>\n\n\n\n<p>&nbsp;&nbsp;&nbsp;&nbsp;&nbsp;&nbsp;&nbsp;&nbsp;&nbsp;&nbsp;&nbsp;&nbsp;&nbsp; \u2022&nbsp;&nbsp;&nbsp;&nbsp;&nbsp;&nbsp;&nbsp;&nbsp;&nbsp;&nbsp;&nbsp; Ausbildung zur Industriekauffrau<\/p>\n\n\n\n<p>&nbsp;&nbsp;&nbsp;&nbsp;&nbsp;&nbsp;&nbsp;&nbsp;&nbsp;&nbsp;&nbsp;&nbsp;&nbsp; \u2022&nbsp;&nbsp;&nbsp;&nbsp;&nbsp;&nbsp;&nbsp;&nbsp;&nbsp;&nbsp;&nbsp; Studium der Psychologie an der Universit\u00e4t Est\u00e1cio de S\u00e1 (Rio de Janeiro)<\/p>\n\n\n\n<p>&nbsp;&nbsp;&nbsp;&nbsp;&nbsp;&nbsp;&nbsp;&nbsp;&nbsp;&nbsp;&nbsp;&nbsp;&nbsp; \u2022&nbsp;&nbsp;&nbsp;&nbsp;&nbsp;&nbsp;&nbsp;&nbsp;&nbsp;&nbsp;&nbsp; Wissenschaftliche Publikation in Comprehensive Psychiatry \u2013 Laboratory of Panic &amp; Respiration, Institute of Psychiatry, Federal University of Rio de Janeiro<\/p>\n\n\n\n<p>\u00a0\u00a0\u00a0\u00a0\u00a0\u00a0\u00a0\u00a0\u00a0\u00a0\u00a0\u00a0\u00a0 \u2022\u00a0\u00a0\u00a0\u00a0\u00a0\u00a0\u00a0\u00a0\u00a0\u00a0\u00a0 Selbst\u00e4ndige T\u00e4tigkeit als Psychotherapeutin in einer Gemeinschaftspraxis in Resende<\/p>\n\n\n\n<p>\u00a0\u00a0\u00a0\u00a0\u00a0\u00a0\u00a0\u00a0\u00a0\u00a0\u00a0\u00a0\u00a0 \u2022\u00a0\u00a0\u00a0\u00a0\u00a0\u00a0\u00a0\u00a0\u00a0\u00a0\u00a0 Internationale klinische Hypnose (2021)<\/p>\n\n\n\n<p>\u00a0\u00a0\u00a0\u00a0\u00a0\u00a0\u00a0\u00a0\u00a0\u00a0\u00a0\u00a0\u00a0 \u2022\u00a0\u00a0\u00a0\u00a0\u00a0\u00a0\u00a0\u00a0\u00a0\u00a0\u00a0 NLP \u2013 Neuro-Linguistisches Programmieren (2021)<\/p>\n\n\n\n<p>\u00a0\u00a0\u00a0\u00a0\u00a0\u00a0\u00a0\u00a0\u00a0\u00a0\u00a0\u00a0\u00a0 \u2022\u00a0\u00a0\u00a0\u00a0\u00a0\u00a0\u00a0\u00a0\u00a0\u00a0\u00a0 Seit 2020 selbst\u00e4ndig bei Simetria-Schmuck (Schmuck- &amp; Edelsteinvertrieb)<\/p>\n\n\n\n<p><\/p>\n\n\n\n<p>Aktuelle Weiterbildungen und Spezialisierungen:<\/p>\n\n\n\n<p>\u00a0\u00a0\u00a0\u00a0\u00a0\u00a0\u00a0\u00a0\u00a0\u00a0\u00a0\u00a0\u00a0 \u2022\u00a0\u00a0\u00a0\u00a0\u00a0\u00a0\u00a0\u00a0\u00a0\u00a0\u00a0 2023: Weiterbildung in Kognitiver Verhaltenstherapie (CBT)<\/p>\n\n\n\n<p>&nbsp;&nbsp;&nbsp;&nbsp;&nbsp;&nbsp;&nbsp;&nbsp;&nbsp;&nbsp;&nbsp;&nbsp;&nbsp; \u2022&nbsp;&nbsp;&nbsp;&nbsp;&nbsp;&nbsp;&nbsp;&nbsp;&nbsp;&nbsp;&nbsp; 2024: Fortbildung in Diagnostik und psychischen St\u00f6rungen<\/p>\n\n\n\n<p>\u00a0\u00a0\u00a0\u00a0\u00a0\u00a0\u00a0\u00a0\u00a0\u00a0\u00a0\u00a0\u00a0 \u2022\u00a0\u00a0\u00a0\u00a0\u00a0\u00a0\u00a0\u00a0\u00a0\u00a0\u00a0 M\u00e4rz 2024 \u2013 M\u00e4rz 2026: Spezialisierung in Psychodiagnostik, mit dem Abschluss \u201eFachpsychologin f\u00fcr Psychodiagnostik\u201c (anerkannter Spezialistentitel in meinem Herkunftsland)<\/p>\n\n\n\n<p><\/p>\n\n\n\n<p>Mein gesamtes aktuell fachliches Wissen sowie alle laufenden und zuk\u00fcnftigen Spezialisierungen basieren auf wissenschaftlich anerkannten Methoden und orientieren sich strikt an der aktuellen Entwicklung der Psychologie. Grundlage meines Wissens ist das DSM-5-TR, das derzeit weltweit g\u00fcltige und wissenschaftlich validierte Klassifikationssystem f\u00fcr psychische St\u00f6rungen.<\/p>\n","protected":false},"excerpt":{"rendered":"<p>Geboren am 22. Mai 1986 und aufgewachsen im wundersch\u00f6nen Rio de Janeiro, begann mein beruflicher Weg nach dem abgeschlossenen Abitur mit einer Ausbildung zur Industriekauffrau im Familienunternehmen. Im Anschluss absolvierte ich an einer Privatuniversit\u00e4t in Rio de Janeiro erfolgreich das Studium der Psychologie, einschlie\u00dflich der Fachrichtung Klinische Psychologie. Nach meinem Studium war ich selbst\u00e4ndig als &hellip; <\/p>\n<p class=\"link-more\"><a href=\"https:\/\/brouwers-psychologie.de\/?page_id=211\" class=\"more-link\"><span class=\"screen-reader-text\">\u201e\u00dcber mich\u201c <\/span>weiterlesen<\/a><\/p>\n","protected":false},"author":1,"featured_media":0,"parent":0,"menu_order":0,"comment_status":"closed","ping_status":"closed","template":"","meta":{"footnotes":""},"class_list":["post-211","page","type-page","status-publish","hentry"],"yoast_head":"<!-- This site is optimized with the Yoast SEO plugin v26.5 - https:\/\/yoast.com\/wordpress\/plugins\/seo\/ -->\n<title>\u00dcber mich - Praxis f\u00fcr psychologische Beratung und Coaching<\/title>\n<meta name=\"robots\" content=\"index, follow, max-snippet:-1, max-image-preview:large, max-video-preview:-1\" \/>\n<link rel=\"canonical\" href=\"https:\/\/brouwers-psychologie.de\/?page_id=211\" \/>\n<meta property=\"og:locale\" content=\"de_DE\" \/>\n<meta property=\"og:type\" content=\"article\" \/>\n<meta property=\"og:title\" content=\"\u00dcber mich - Praxis f\u00fcr psychologische Beratung und Coaching\" \/>\n<meta property=\"og:description\" content=\"Geboren am 22. Mai 1986 und aufgewachsen im wundersch\u00f6nen Rio de Janeiro, begann mein beruflicher Weg nach dem abgeschlossenen Abitur mit einer Ausbildung zur Industriekauffrau im Familienunternehmen. Im Anschluss absolvierte ich an einer Privatuniversit\u00e4t in Rio de Janeiro erfolgreich das Studium der Psychologie, einschlie\u00dflich der Fachrichtung Klinische Psychologie. Nach meinem Studium war ich selbst\u00e4ndig als &hellip; \u201e\u00dcber mich\u201c weiterlesen\" \/>\n<meta property=\"og:url\" content=\"https:\/\/brouwers-psychologie.de\/?page_id=211\" \/>\n<meta property=\"og:site_name\" content=\"Praxis f\u00fcr psychologische Beratung und Coaching\" \/>\n<meta property=\"article:modified_time\" content=\"2025-12-14T09:47:45+00:00\" \/>\n<meta property=\"og:image\" content=\"https:\/\/brouwers-psychologie.de\/wp-content\/uploads\/2024\/12\/Bild45-1-scaled.jpg\" \/>\n\t<meta property=\"og:image:width\" content=\"1920\" \/>\n\t<meta property=\"og:image:height\" content=\"2560\" \/>\n\t<meta property=\"og:image:type\" content=\"image\/jpeg\" \/>\n<meta name=\"twitter:card\" content=\"summary_large_image\" \/>\n<meta name=\"twitter:label1\" content=\"Gesch\u00e4tzte Lesezeit\" \/>\n\t<meta name=\"twitter:data1\" content=\"2\u00a0Minuten\" \/>\n<script type=\"application\/ld+json\" class=\"yoast-schema-graph\">{\"@context\":\"https:\/\/schema.org\",\"@graph\":[{\"@type\":\"WebPage\",\"@id\":\"https:\/\/brouwers-psychologie.de\/?page_id=211\",\"url\":\"https:\/\/brouwers-psychologie.de\/?page_id=211\",\"name\":\"\u00dcber mich - Praxis f\u00fcr psychologische Beratung und Coaching\",\"isPartOf\":{\"@id\":\"https:\/\/brouwers-psychologie.de\/#website\"},\"primaryImageOfPage\":{\"@id\":\"https:\/\/brouwers-psychologie.de\/?page_id=211#primaryimage\"},\"image\":{\"@id\":\"https:\/\/brouwers-psychologie.de\/?page_id=211#primaryimage\"},\"thumbnailUrl\":\"https:\/\/brouwers-psychologie.de\/wp-content\/uploads\/2024\/12\/Bild45-1-768x1024.jpg\",\"datePublished\":\"2020-06-30T10:11:22+00:00\",\"dateModified\":\"2025-12-14T09:47:45+00:00\",\"breadcrumb\":{\"@id\":\"https:\/\/brouwers-psychologie.de\/?page_id=211#breadcrumb\"},\"inLanguage\":\"de\",\"potentialAction\":[{\"@type\":\"ReadAction\",\"target\":[\"https:\/\/brouwers-psychologie.de\/?page_id=211\"]}]},{\"@type\":\"ImageObject\",\"inLanguage\":\"de\",\"@id\":\"https:\/\/brouwers-psychologie.de\/?page_id=211#primaryimage\",\"url\":\"https:\/\/brouwers-psychologie.de\/wp-content\/uploads\/2024\/12\/Bild45-1-scaled.jpg\",\"contentUrl\":\"https:\/\/brouwers-psychologie.de\/wp-content\/uploads\/2024\/12\/Bild45-1-scaled.jpg\",\"width\":1920,\"height\":2560},{\"@type\":\"BreadcrumbList\",\"@id\":\"https:\/\/brouwers-psychologie.de\/?page_id=211#breadcrumb\",\"itemListElement\":[{\"@type\":\"ListItem\",\"position\":1,\"name\":\"Startseite\",\"item\":\"https:\/\/brouwers-psychologie.de\/\"},{\"@type\":\"ListItem\",\"position\":2,\"name\":\"\u00dcber mich\"}]},{\"@type\":\"WebSite\",\"@id\":\"https:\/\/brouwers-psychologie.de\/#website\",\"url\":\"https:\/\/brouwers-psychologie.de\/\",\"name\":\"Praxis f\u00fcr psychologische Beratung und Coaching\",\"description\":\"Amanda Brouwers\",\"potentialAction\":[{\"@type\":\"SearchAction\",\"target\":{\"@type\":\"EntryPoint\",\"urlTemplate\":\"https:\/\/brouwers-psychologie.de\/?s={search_term_string}\"},\"query-input\":{\"@type\":\"PropertyValueSpecification\",\"valueRequired\":true,\"valueName\":\"search_term_string\"}}],\"inLanguage\":\"de\"}]}<\/script>\n<!-- \/ Yoast SEO plugin. -->","yoast_head_json":{"title":"\u00dcber mich - Praxis f\u00fcr psychologische Beratung und Coaching","robots":{"index":"index","follow":"follow","max-snippet":"max-snippet:-1","max-image-preview":"max-image-preview:large","max-video-preview":"max-video-preview:-1"},"canonical":"https:\/\/brouwers-psychologie.de\/?page_id=211","og_locale":"de_DE","og_type":"article","og_title":"\u00dcber mich - Praxis f\u00fcr psychologische Beratung und Coaching","og_description":"Geboren am 22. Mai 1986 und aufgewachsen im wundersch\u00f6nen Rio de Janeiro, begann mein beruflicher Weg nach dem abgeschlossenen Abitur mit einer Ausbildung zur Industriekauffrau im Familienunternehmen. Im Anschluss absolvierte ich an einer Privatuniversit\u00e4t in Rio de Janeiro erfolgreich das Studium der Psychologie, einschlie\u00dflich der Fachrichtung Klinische Psychologie. Nach meinem Studium war ich selbst\u00e4ndig als &hellip; \u201e\u00dcber mich\u201c weiterlesen","og_url":"https:\/\/brouwers-psychologie.de\/?page_id=211","og_site_name":"Praxis f\u00fcr psychologische Beratung und Coaching","article_modified_time":"2025-12-14T09:47:45+00:00","og_image":[{"width":1920,"height":2560,"url":"https:\/\/brouwers-psychologie.de\/wp-content\/uploads\/2024\/12\/Bild45-1-scaled.jpg","type":"image\/jpeg"}],"twitter_card":"summary_large_image","twitter_misc":{"Gesch\u00e4tzte Lesezeit":"2\u00a0Minuten"},"schema":{"@context":"https:\/\/schema.org","@graph":[{"@type":"WebPage","@id":"https:\/\/brouwers-psychologie.de\/?page_id=211","url":"https:\/\/brouwers-psychologie.de\/?page_id=211","name":"\u00dcber mich - Praxis f\u00fcr psychologische Beratung und Coaching","isPartOf":{"@id":"https:\/\/brouwers-psychologie.de\/#website"},"primaryImageOfPage":{"@id":"https:\/\/brouwers-psychologie.de\/?page_id=211#primaryimage"},"image":{"@id":"https:\/\/brouwers-psychologie.de\/?page_id=211#primaryimage"},"thumbnailUrl":"https:\/\/brouwers-psychologie.de\/wp-content\/uploads\/2024\/12\/Bild45-1-768x1024.jpg","datePublished":"2020-06-30T10:11:22+00:00","dateModified":"2025-12-14T09:47:45+00:00","breadcrumb":{"@id":"https:\/\/brouwers-psychologie.de\/?page_id=211#breadcrumb"},"inLanguage":"de","potentialAction":[{"@type":"ReadAction","target":["https:\/\/brouwers-psychologie.de\/?page_id=211"]}]},{"@type":"ImageObject","inLanguage":"de","@id":"https:\/\/brouwers-psychologie.de\/?page_id=211#primaryimage","url":"https:\/\/brouwers-psychologie.de\/wp-content\/uploads\/2024\/12\/Bild45-1-scaled.jpg","contentUrl":"https:\/\/brouwers-psychologie.de\/wp-content\/uploads\/2024\/12\/Bild45-1-scaled.jpg","width":1920,"height":2560},{"@type":"BreadcrumbList","@id":"https:\/\/brouwers-psychologie.de\/?page_id=211#breadcrumb","itemListElement":[{"@type":"ListItem","position":1,"name":"Startseite","item":"https:\/\/brouwers-psychologie.de\/"},{"@type":"ListItem","position":2,"name":"\u00dcber mich"}]},{"@type":"WebSite","@id":"https:\/\/brouwers-psychologie.de\/#website","url":"https:\/\/brouwers-psychologie.de\/","name":"Praxis f\u00fcr psychologische Beratung und Coaching","description":"Amanda Brouwers","potentialAction":[{"@type":"SearchAction","target":{"@type":"EntryPoint","urlTemplate":"https:\/\/brouwers-psychologie.de\/?s={search_term_string}"},"query-input":{"@type":"PropertyValueSpecification","valueRequired":true,"valueName":"search_term_string"}}],"inLanguage":"de"}]}},"jetpack_sharing_enabled":true,"_links":{"self":[{"href":"https:\/\/brouwers-psychologie.de\/index.php?rest_route=\/wp\/v2\/pages\/211","targetHints":{"allow":["GET"]}}],"collection":[{"href":"https:\/\/brouwers-psychologie.de\/index.php?rest_route=\/wp\/v2\/pages"}],"about":[{"href":"https:\/\/brouwers-psychologie.de\/index.php?rest_route=\/wp\/v2\/types\/page"}],"author":[{"embeddable":true,"href":"https:\/\/brouwers-psychologie.de\/index.php?rest_route=\/wp\/v2\/users\/1"}],"replies":[{"embeddable":true,"href":"https:\/\/brouwers-psychologie.de\/index.php?rest_route=%2Fwp%2Fv2%2Fcomments&post=211"}],"version-history":[{"count":22,"href":"https:\/\/brouwers-psychologie.de\/index.php?rest_route=\/wp\/v2\/pages\/211\/revisions"}],"predecessor-version":[{"id":304,"href":"https:\/\/brouwers-psychologie.de\/index.php?rest_route=\/wp\/v2\/pages\/211\/revisions\/304"}],"wp:attachment":[{"href":"https:\/\/brouwers-psychologie.de\/index.php?rest_route=%2Fwp%2Fv2%2Fmedia&parent=211"}],"curies":[{"name":"wp","href":"https:\/\/api.w.org\/{rel}","templated":true}]}}