{"id":41,"date":"2020-04-28T13:06:16","date_gmt":"2020-04-28T13:06:16","guid":{"rendered":"http:\/\/brouwers-psychologie.de\/?page_id=41"},"modified":"2020-06-04T08:40:53","modified_gmt":"2020-06-04T08:40:53","slug":"einzelberatung","status":"publish","type":"page","link":"https:\/\/brouwers-psychologie.de\/?page_id=41","title":{"rendered":"Einzelberatung"},"content":{"rendered":"\n<h1 class=\"wp-block-heading\"><span class=\"has-inline-color\" style=\"color:#0071a1\">Entdecken Sie sich und Ihre neuen Handlungsm\u00f6glichkeiten.<\/span><\/h1>\n\n\n\n<p>Ab und an werden wir durch unvorhergesehene Ereignisse wie den Verlust des Arbeitsplatzes oder eines geliebten Partners aus der Bahn geworfen. Manchmal stehen wir uns aber auch bei ganz normalen allt\u00e4glichen Problemen selbst im Weg. Und manchmal w\u00fcnschen wir uns ganz allgemein einfach mehr Gelassenheit, Lebensfreude und Klarheit im Umgang mit uns selbst und unseren Mitmenschen. Ob Sie bei einer ganz konkreten Situation Unterst\u00fctzung ben\u00f6tigen oder in bestimmten Lebensbereichen auf der Suche nach mehr Zufriedenheit sind &#8211; gemeinsam erarbeiten wir f\u00fcr Sie lebensnahe und umsetzbare L\u00f6sungsm\u00f6glichkeiten.<\/p>\n\n\n\n<p><\/p>\n\n\n\n<p><span class=\"has-inline-color\" style=\"color:#0071a1\">\u00c4ngste \/ Minderwertigkeitsgef\u00fchle<\/span><\/p>\n\n\n\n<ul class=\"wp-block-list\"><li>Wie entstehen \u00c4ngste und Minderwertigkeitsgef\u00fchle?<\/li><li>Erfahren Sie wie Sie diese reduzieren und \u00fcberwinden k\u00f6nnen.<\/li><li>Gewinnen Sie mehr Leichtigkeit und Freude in Ihrem Leben.<\/li><\/ul>\n\n\n\n<p><span class=\"has-inline-color\" style=\"color:#0071a1\">Selbstvertrauen<\/span><\/p>\n\n\n\n<ul class=\"wp-block-list\"><li>Lernen Sie, wie Sie Ihr Selbstvertrauen langfristig st\u00e4rken&nbsp; k\u00f6nnen.&nbsp;&nbsp;&nbsp;&nbsp;&nbsp;&nbsp;&nbsp;<\/li><li>Entwickeln Sie ein gesundes Selbstwertgef\u00fchl.<\/li><li>L\u00f6sen Sie Ihr Selbstwertgef\u00fchl von \u00e4u\u00dferen Faktoren und Meinungen Dritter.<\/li><\/ul>\n\n\n\n<p><span class=\"has-inline-color\" style=\"color:#0071a1\">Stress<\/span><\/p>\n\n\n\n<ul class=\"wp-block-list\"><li>Erkennen und verstehen Sie stressausl\u00f6sende Gedanken<\/li><li>Lernen Sie, Stress nachhaltig abzubauen.<\/li><li>Entwickeln Sie mehr Gelassenheit in stressigen Situationen<\/li><\/ul>\n\n\n\n<p><span class=\"has-inline-color\" style=\"color:#0071a1\">Konflikte im sozialen Umfeld<\/span><\/p>\n\n\n\n<ul class=\"wp-block-list\"><li>Konstruktiver Umgang mit Konflikten innerhalb der Familie oder im Freundeskreis.<\/li><li>L\u00f6sen von zwischenmenschlichen Verstrickungen, indem man sich selbst und seinen Anteil am Konflikt besser versteht.<\/li><li>\u00dcberwindung von m\u00f6glichen Blockaden in den Begegnungen mit anderen Menschen<\/li><\/ul>\n\n\n\n<div style=\"height:43px\" aria-hidden=\"true\" class=\"wp-block-spacer\"><\/div>\n\n\n\n<p>Die Bezahlung erfolgt bar vor Ort oder per PayPal im Voraus. Die Kosten f\u00fcr die psychologische Beratung und\/oder Paarberatung werden in Deutschland nicht von der gesetzlichen Krankenkasse \u00fcbernommen und sind daher ausschlie\u00dflich Privatleistungen.<\/p>\n","protected":false},"excerpt":{"rendered":"<p>Entdecken Sie sich und Ihre neuen Handlungsm\u00f6glichkeiten. Ab und an werden wir durch unvorhergesehene Ereignisse wie den Verlust des Arbeitsplatzes oder eines geliebten Partners aus der Bahn geworfen. Manchmal stehen wir uns aber auch bei ganz normalen allt\u00e4glichen Problemen selbst im Weg. Und manchmal w\u00fcnschen wir uns ganz allgemein einfach mehr Gelassenheit, Lebensfreude und Klarheit &hellip; <\/p>\n<p class=\"link-more\"><a href=\"https:\/\/brouwers-psychologie.de\/?page_id=41\" class=\"more-link\"><span class=\"screen-reader-text\">\u201eEinzelberatung\u201c <\/span>weiterlesen<\/a><\/p>\n","protected":false},"author":1,"featured_media":0,"parent":0,"menu_order":0,"comment_status":"closed","ping_status":"closed","template":"","meta":{"footnotes":""},"class_list":["post-41","page","type-page","status-publish","hentry"],"yoast_head":"<!-- This site is optimized with the Yoast SEO plugin v26.5 - https:\/\/yoast.com\/wordpress\/plugins\/seo\/ -->\n<title>Einzelberatung - Praxis f\u00fcr psychologische Beratung und Coaching<\/title>\n<meta name=\"robots\" content=\"index, follow, max-snippet:-1, max-image-preview:large, max-video-preview:-1\" \/>\n<link rel=\"canonical\" href=\"https:\/\/brouwers-psychologie.de\/?page_id=41\" \/>\n<meta property=\"og:locale\" content=\"de_DE\" \/>\n<meta property=\"og:type\" content=\"article\" \/>\n<meta property=\"og:title\" content=\"Einzelberatung - Praxis f\u00fcr psychologische Beratung und Coaching\" \/>\n<meta property=\"og:description\" content=\"Entdecken Sie sich und Ihre neuen Handlungsm\u00f6glichkeiten. Ab und an werden wir durch unvorhergesehene Ereignisse wie den Verlust des Arbeitsplatzes oder eines geliebten Partners aus der Bahn geworfen. Manchmal stehen wir uns aber auch bei ganz normalen allt\u00e4glichen Problemen selbst im Weg. Und manchmal w\u00fcnschen wir uns ganz allgemein einfach mehr Gelassenheit, Lebensfreude und Klarheit &hellip; \u201eEinzelberatung\u201c weiterlesen\" \/>\n<meta property=\"og:url\" content=\"https:\/\/brouwers-psychologie.de\/?page_id=41\" \/>\n<meta property=\"og:site_name\" content=\"Praxis f\u00fcr psychologische Beratung und Coaching\" \/>\n<meta property=\"article:modified_time\" content=\"2020-06-04T08:40:53+00:00\" \/>\n<meta name=\"twitter:card\" content=\"summary_large_image\" \/>\n<meta name=\"twitter:label1\" content=\"Gesch\u00e4tzte Lesezeit\" \/>\n\t<meta name=\"twitter:data1\" content=\"1\u00a0Minute\" \/>\n<script type=\"application\/ld+json\" class=\"yoast-schema-graph\">{\"@context\":\"https:\/\/schema.org\",\"@graph\":[{\"@type\":\"WebPage\",\"@id\":\"https:\/\/brouwers-psychologie.de\/?page_id=41\",\"url\":\"https:\/\/brouwers-psychologie.de\/?page_id=41\",\"name\":\"Einzelberatung - Praxis f\u00fcr psychologische Beratung und Coaching\",\"isPartOf\":{\"@id\":\"https:\/\/brouwers-psychologie.de\/#website\"},\"datePublished\":\"2020-04-28T13:06:16+00:00\",\"dateModified\":\"2020-06-04T08:40:53+00:00\",\"breadcrumb\":{\"@id\":\"https:\/\/brouwers-psychologie.de\/?page_id=41#breadcrumb\"},\"inLanguage\":\"de\",\"potentialAction\":[{\"@type\":\"ReadAction\",\"target\":[\"https:\/\/brouwers-psychologie.de\/?page_id=41\"]}]},{\"@type\":\"BreadcrumbList\",\"@id\":\"https:\/\/brouwers-psychologie.de\/?page_id=41#breadcrumb\",\"itemListElement\":[{\"@type\":\"ListItem\",\"position\":1,\"name\":\"Startseite\",\"item\":\"https:\/\/brouwers-psychologie.de\/\"},{\"@type\":\"ListItem\",\"position\":2,\"name\":\"Einzelberatung\"}]},{\"@type\":\"WebSite\",\"@id\":\"https:\/\/brouwers-psychologie.de\/#website\",\"url\":\"https:\/\/brouwers-psychologie.de\/\",\"name\":\"Praxis f\u00fcr psychologische Beratung und Coaching\",\"description\":\"Amanda Brouwers\",\"potentialAction\":[{\"@type\":\"SearchAction\",\"target\":{\"@type\":\"EntryPoint\",\"urlTemplate\":\"https:\/\/brouwers-psychologie.de\/?s={search_term_string}\"},\"query-input\":{\"@type\":\"PropertyValueSpecification\",\"valueRequired\":true,\"valueName\":\"search_term_string\"}}],\"inLanguage\":\"de\"}]}<\/script>\n<!-- \/ Yoast SEO plugin. -->","yoast_head_json":{"title":"Einzelberatung - Praxis f\u00fcr psychologische Beratung und Coaching","robots":{"index":"index","follow":"follow","max-snippet":"max-snippet:-1","max-image-preview":"max-image-preview:large","max-video-preview":"max-video-preview:-1"},"canonical":"https:\/\/brouwers-psychologie.de\/?page_id=41","og_locale":"de_DE","og_type":"article","og_title":"Einzelberatung - Praxis f\u00fcr psychologische Beratung und Coaching","og_description":"Entdecken Sie sich und Ihre neuen Handlungsm\u00f6glichkeiten. Ab und an werden wir durch unvorhergesehene Ereignisse wie den Verlust des Arbeitsplatzes oder eines geliebten Partners aus der Bahn geworfen. Manchmal stehen wir uns aber auch bei ganz normalen allt\u00e4glichen Problemen selbst im Weg. Und manchmal w\u00fcnschen wir uns ganz allgemein einfach mehr Gelassenheit, Lebensfreude und Klarheit &hellip; \u201eEinzelberatung\u201c weiterlesen","og_url":"https:\/\/brouwers-psychologie.de\/?page_id=41","og_site_name":"Praxis f\u00fcr psychologische Beratung und Coaching","article_modified_time":"2020-06-04T08:40:53+00:00","twitter_card":"summary_large_image","twitter_misc":{"Gesch\u00e4tzte Lesezeit":"1\u00a0Minute"},"schema":{"@context":"https:\/\/schema.org","@graph":[{"@type":"WebPage","@id":"https:\/\/brouwers-psychologie.de\/?page_id=41","url":"https:\/\/brouwers-psychologie.de\/?page_id=41","name":"Einzelberatung - Praxis f\u00fcr psychologische Beratung und Coaching","isPartOf":{"@id":"https:\/\/brouwers-psychologie.de\/#website"},"datePublished":"2020-04-28T13:06:16+00:00","dateModified":"2020-06-04T08:40:53+00:00","breadcrumb":{"@id":"https:\/\/brouwers-psychologie.de\/?page_id=41#breadcrumb"},"inLanguage":"de","potentialAction":[{"@type":"ReadAction","target":["https:\/\/brouwers-psychologie.de\/?page_id=41"]}]},{"@type":"BreadcrumbList","@id":"https:\/\/brouwers-psychologie.de\/?page_id=41#breadcrumb","itemListElement":[{"@type":"ListItem","position":1,"name":"Startseite","item":"https:\/\/brouwers-psychologie.de\/"},{"@type":"ListItem","position":2,"name":"Einzelberatung"}]},{"@type":"WebSite","@id":"https:\/\/brouwers-psychologie.de\/#website","url":"https:\/\/brouwers-psychologie.de\/","name":"Praxis f\u00fcr psychologische Beratung und Coaching","description":"Amanda Brouwers","potentialAction":[{"@type":"SearchAction","target":{"@type":"EntryPoint","urlTemplate":"https:\/\/brouwers-psychologie.de\/?s={search_term_string}"},"query-input":{"@type":"PropertyValueSpecification","valueRequired":true,"valueName":"search_term_string"}}],"inLanguage":"de"}]}},"jetpack_sharing_enabled":true,"_links":{"self":[{"href":"https:\/\/brouwers-psychologie.de\/index.php?rest_route=\/wp\/v2\/pages\/41","targetHints":{"allow":["GET"]}}],"collection":[{"href":"https:\/\/brouwers-psychologie.de\/index.php?rest_route=\/wp\/v2\/pages"}],"about":[{"href":"https:\/\/brouwers-psychologie.de\/index.php?rest_route=\/wp\/v2\/types\/page"}],"author":[{"embeddable":true,"href":"https:\/\/brouwers-psychologie.de\/index.php?rest_route=\/wp\/v2\/users\/1"}],"replies":[{"embeddable":true,"href":"https:\/\/brouwers-psychologie.de\/index.php?rest_route=%2Fwp%2Fv2%2Fcomments&post=41"}],"version-history":[{"count":15,"href":"https:\/\/brouwers-psychologie.de\/index.php?rest_route=\/wp\/v2\/pages\/41\/revisions"}],"predecessor-version":[{"id":205,"href":"https:\/\/brouwers-psychologie.de\/index.php?rest_route=\/wp\/v2\/pages\/41\/revisions\/205"}],"wp:attachment":[{"href":"https:\/\/brouwers-psychologie.de\/index.php?rest_route=%2Fwp%2Fv2%2Fmedia&parent=41"}],"curies":[{"name":"wp","href":"https:\/\/api.w.org\/{rel}","templated":true}]}}