{"id":42,"date":"2020-04-28T13:06:16","date_gmt":"2020-04-28T13:06:16","guid":{"rendered":"http:\/\/brouwers-psychologie.de\/?page_id=42"},"modified":"2025-08-12T08:30:34","modified_gmt":"2025-08-12T08:30:34","slug":"kontakt","status":"publish","type":"page","link":"https:\/\/brouwers-psychologie.de\/?page_id=42","title":{"rendered":"Kontakt"},"content":{"rendered":"\n<h1 class=\"wp-block-heading\"><span class=\"has-inline-color\" style=\"color:#0071a1\">Ihr direkter Kontakt<\/span><\/h1>\n\n\n\n<div class=\"wp-block-group\"><div class=\"wp-block-group__inner-container is-layout-flow wp-block-group-is-layout-flow\">\n<div class=\"wp-block-group\"><div class=\"wp-block-group__inner-container is-layout-flow wp-block-group-is-layout-flow\"><\/div><\/div>\n\n\n\n<div class=\"wp-block-group\"><div class=\"wp-block-group__inner-container is-layout-flow wp-block-group-is-layout-flow\"><\/div><\/div>\n\n\n\n<div class=\"wp-block-columns is-layout-flex wp-container-core-columns-is-layout-9d6595d7 wp-block-columns-is-layout-flex\">\n<div class=\"wp-block-column is-layout-flow wp-block-column-is-layout-flow\">\n<p><\/p>\n\n\n\n<p><\/p>\n\n\n\n<p><strong>Praxis f\u00fcr psychologische Beratung &amp; Coaching<\/strong><\/p>\n\n\n\n<p><strong><br>Amanda Brouwers<\/strong><br>Bahnhofstra\u00dfe 17 (EG)<br>71540 Murrhardt<\/p>\n\n\n\n<p>Telefon: 0176\/45924449<br>E-Mail: amanda@brouwers-psychologie.de<\/p>\n<\/div>\n\n\n\n<div class=\"wp-block-column is-layout-flow wp-block-column-is-layout-flow\">\n<figure class=\"wp-block-image size-large\"><img loading=\"lazy\" decoding=\"async\" width=\"925\" height=\"1024\" src=\"https:\/\/brouwers-psychologie.de\/wp-content\/uploads\/2025\/08\/3ac361a2-ba83-4eb4-aca2-1ca1b9a78677-925x1024.jpg\" alt=\"\" class=\"wp-image-288\" srcset=\"https:\/\/brouwers-psychologie.de\/wp-content\/uploads\/2025\/08\/3ac361a2-ba83-4eb4-aca2-1ca1b9a78677-925x1024.jpg 925w, https:\/\/brouwers-psychologie.de\/wp-content\/uploads\/2025\/08\/3ac361a2-ba83-4eb4-aca2-1ca1b9a78677-271x300.jpg 271w, https:\/\/brouwers-psychologie.de\/wp-content\/uploads\/2025\/08\/3ac361a2-ba83-4eb4-aca2-1ca1b9a78677-768x850.jpg 768w, https:\/\/brouwers-psychologie.de\/wp-content\/uploads\/2025\/08\/3ac361a2-ba83-4eb4-aca2-1ca1b9a78677-1388x1536.jpg 1388w, https:\/\/brouwers-psychologie.de\/wp-content\/uploads\/2025\/08\/3ac361a2-ba83-4eb4-aca2-1ca1b9a78677.jpg 1446w\" sizes=\"auto, (max-width: 767px) 89vw, (max-width: 1000px) 54vw, (max-width: 1071px) 543px, 580px\" \/><\/figure>\n<\/div>\n<\/div>\n\n\n\n<div class=\"wp-block-group\"><div class=\"wp-block-group__inner-container is-layout-flow wp-block-group-is-layout-flow\"><\/div><\/div>\n<\/div><\/div>\n\n\n\n<div class=\"wp-block-group\"><div class=\"wp-block-group__inner-container is-layout-flow wp-block-group-is-layout-flow\"><\/div><\/div>\n\n\n\n<div class=\"wp-block-group\"><div class=\"wp-block-group__inner-container is-layout-flow wp-block-group-is-layout-flow\"><\/div><\/div>\n\n\n\n<div class=\"wp-block-group\"><div class=\"wp-block-group__inner-container is-layout-flow wp-block-group-is-layout-flow\">\n<div class=\"wp-block-group\"><div class=\"wp-block-group__inner-container is-layout-flow wp-block-group-is-layout-flow\"><\/div><\/div>\n<\/div><\/div>\n\n\n\n<p>Kostenfreie Parkl\u00e4tze stehen gegen\u00fcber auf dem Bahnhofsgel\u00e4nde zur Verf\u00fcgung oder nach Absprache direkt vor der Praxis. <\/p>\n\n\n\n<p>Pers\u00f6nliche Gespr\u00e4chstermine nach Vereinbarung &#8211; gerne auch in Ihrer Muttersprache Deutsch, Franz\u00f6sisch oder Portugiesisch.                                                                                                 <\/p>\n\n\n\n<p>Rufen Sie mich hierzu einfach an oder nutzen Sie das Kontaktformular. <\/p>\n\n\n\n<figure><iframe loading=\"lazy\" width=\"800\" height=\"550\" src=\"https:\/\/www.google.com\/maps\/embed?pb=!1m18!1m12!1m3!1d2618.5130301562985!2d9.575942851388127!3d48.98179359986202!2m3!1f0!2f0!3f0!3m2!1i1024!2i768!4f13.1!3m3!1m2!1s0x47984cbb9a4d97a3%3A0x187eab4f3abd7e36!2sBahnhofstra%C3%9Fe%2017%2C%2071540%20Murrhardt!5e0!3m2!1sde!2sde!4v1590045041347!5m2!1sde!2sde\" allowfullscreen=\"\"><\/iframe><\/figure>\n\n\n\n<div style=\"height:31px\" aria-hidden=\"true\" class=\"wp-block-spacer\"><\/div>\n\n\n\n<p style=\"font-size:22px\"><span class=\"has-inline-color has-very-dark-gray-color\">Kontaktformular<\/span><\/p>\n\n\n\n\n<div class=\"wpcf7 no-js\" id=\"wpcf7-f143-o1\" lang=\"de-DE\" dir=\"ltr\" data-wpcf7-id=\"143\">\n<div class=\"screen-reader-response\"><p role=\"status\" aria-live=\"polite\" aria-atomic=\"true\"><\/p> <ul><\/ul><\/div>\n<form action=\"\/index.php?rest_route=%2Fwp%2Fv2%2Fpages%2F42#wpcf7-f143-o1\" method=\"post\" class=\"wpcf7-form init\" aria-label=\"Kontaktformular\" novalidate=\"novalidate\" data-status=\"init\">\n<fieldset class=\"hidden-fields-container\"><input type=\"hidden\" name=\"_wpcf7\" value=\"143\" \/><input type=\"hidden\" name=\"_wpcf7_version\" value=\"6.1.4\" \/><input type=\"hidden\" name=\"_wpcf7_locale\" value=\"de_DE\" \/><input type=\"hidden\" name=\"_wpcf7_unit_tag\" value=\"wpcf7-f143-o1\" \/><input type=\"hidden\" name=\"_wpcf7_container_post\" value=\"0\" \/><input type=\"hidden\" name=\"_wpcf7_posted_data_hash\" value=\"\" \/>\n<\/fieldset>\n<p><label> Name (Pflichtfeld)<br \/>\n<span class=\"wpcf7-form-control-wrap\" data-name=\"your-name\"><input size=\"40\" maxlength=\"400\" class=\"wpcf7-form-control wpcf7-text wpcf7-validates-as-required\" aria-required=\"true\" aria-invalid=\"false\" value=\"\" type=\"text\" name=\"your-name\" \/><\/span> <\/label>\n<\/p>\n<p><label> E-Mail-Adresse (Pflichtfeld)<br \/>\n<span class=\"wpcf7-form-control-wrap\" data-name=\"your-email\"><input size=\"40\" maxlength=\"400\" class=\"wpcf7-form-control wpcf7-email wpcf7-validates-as-required wpcf7-text wpcf7-validates-as-email\" aria-required=\"true\" aria-invalid=\"false\" value=\"\" type=\"email\" name=\"your-email\" \/><\/span> <\/label>\n<\/p>\n<p><label> Telefon<br \/>\n<span class=\"wpcf7-form-control-wrap\" data-name=\"Telefon\"><input size=\"40\" maxlength=\"400\" class=\"wpcf7-form-control wpcf7-tel wpcf7-text wpcf7-validates-as-tel\" aria-invalid=\"false\" value=\"\" type=\"tel\" name=\"Telefon\" \/><\/span> <\/label>\n<\/p>\n<p><label> Betreff<br \/>\n<span class=\"wpcf7-form-control-wrap\" data-name=\"your-subject\"><input size=\"40\" maxlength=\"400\" class=\"wpcf7-form-control wpcf7-text\" aria-invalid=\"false\" value=\"\" type=\"text\" name=\"your-subject\" \/><\/span> <\/label>\n<\/p>\n<p><label> Ihre Nachricht<br \/>\n<span class=\"wpcf7-form-control-wrap\" data-name=\"your-message\"><textarea cols=\"40\" rows=\"10\" maxlength=\"2000\" class=\"wpcf7-form-control wpcf7-textarea\" aria-invalid=\"false\" name=\"your-message\"><\/textarea><\/span> <\/label>\n<\/p>\n<p><span class=\"wpcf7-form-control-wrap\" data-name=\"Einwilligung\"><span class=\"wpcf7-form-control wpcf7-checkbox wpcf7-validates-as-required\"><span class=\"wpcf7-list-item first last\"><input type=\"checkbox\" name=\"Einwilligung[]\" value=\"Ich bin damit einverstanden, dass die Praxis f\u00fcr psychologische Beratung und Coaching meine registrierten personenbezogenen Daten gem\u00e4\u00df der Datenschutzverordnung (DSGVO) verwaltet. Ich akzeptiere auch die Datenschutzrichtlinien der Praxis f\u00fcr psychologische Beratung und Coaching Amanda Brouwers.\" \/><span class=\"wpcf7-list-item-label\">Ich bin damit einverstanden, dass die Praxis f\u00fcr psychologische Beratung und Coaching meine registrierten personenbezogenen Daten gem\u00e4\u00df der Datenschutzverordnung (DSGVO) verwaltet. Ich akzeptiere auch die Datenschutzrichtlinien der Praxis f\u00fcr psychologische Beratung und Coaching Amanda Brouwers.<\/span><\/span><\/span><\/span>\n<\/p>\n<p><input class=\"wpcf7-form-control wpcf7-submit has-spinner\" type=\"submit\" value=\"Senden\" \/>\n<\/p><div class=\"wpcf7-response-output\" aria-hidden=\"true\"><\/div>\n<\/form>\n<\/div>\n\n\n\n\n<!--nextpage-->\n\n\n\n<h1 class=\"wp-block-heading\"><span class=\"has-inline-color\" style=\"color:#0071a1\">Impressum:<\/span><\/h1>\n\n\n\n<p>Verantwortlich f\u00fcr die Inhalte<br>nach \u00a7 5 TMG \/ \u00a7 55 RStV:<\/p>\n\n\n\n<p>Amanda Brouwers<br>Fuchsgasse 51 &nbsp; &nbsp; &nbsp; &nbsp; &nbsp; &nbsp; &nbsp; &nbsp; &nbsp; &nbsp; &nbsp; &nbsp; &nbsp; &nbsp; &nbsp; &nbsp; &nbsp; &nbsp; &nbsp; &nbsp; &nbsp; &nbsp; &nbsp; &nbsp; &nbsp; &nbsp; &nbsp; &nbsp; &nbsp; &nbsp; &nbsp; &nbsp; &nbsp; &nbsp; &nbsp; &nbsp; &nbsp; &nbsp; &nbsp; &nbsp; &nbsp; &nbsp; &nbsp; &nbsp; &nbsp; &nbsp; &nbsp; &nbsp; &nbsp;  &nbsp; &nbsp; &nbsp; &nbsp; &nbsp; &nbsp; &nbsp; &nbsp; &nbsp; &nbsp;  71560 Sulzbach an der Murr<\/p>\n\n\n\n<p>Telefon:&nbsp; 0176 \/ 45924449 &nbsp; &nbsp; &nbsp; &nbsp; &nbsp; &nbsp; &nbsp; &nbsp; &nbsp; &nbsp; &nbsp; &nbsp; &nbsp; &nbsp; &nbsp; &nbsp; &nbsp; &nbsp; &nbsp; &nbsp; &nbsp; &nbsp; &nbsp; &nbsp; &nbsp; &nbsp; &nbsp; &nbsp; &nbsp; &nbsp; &nbsp; &nbsp; &nbsp; &nbsp; &nbsp; &nbsp; &nbsp; &nbsp; &nbsp; &nbsp; &nbsp; &nbsp; &nbsp; &nbsp; &nbsp; &nbsp;   e-Mail:&nbsp; info@brouwers-psychologie.de<\/p>\n\n\n\n<div style=\"height:48px\" aria-hidden=\"true\" class=\"wp-block-spacer\"><\/div>\n\n\n\n<p><strong>1. Haftungsbeschr\u00e4nkung<\/strong><br>Als Diensteanbieter ist der Anbieter dieser Website gem\u00e4\u00df \u00a7 7 Abs. 1 TMG f\u00fcr eigene Inhalte und bereitgestellte Informationen auf diesen Seiten nach den allgemeinen Gesetzen verantwortlich. Die Inhalte des Internetauftritts wurden mit gr\u00f6\u00dftm\u00f6glicher Sorgfalt und nach bestem Gewissen erstellt. Dennoch \u00fcbernimmt der Anbieter dieser Website keine Gew\u00e4hr f\u00fcr die Aktualit\u00e4t, Vollst\u00e4ndigkeit und Richtigkeit der bereitgestellten Seiten und Inhalte.<\/p>\n\n\n\n<p><strong>2. Urheberrecht<\/strong><br>Die auf dieser Website ver\u00f6ffentlichten Texte, Fotos und bereitgestellten Informationen unterliegen dem deutschen Urheberrecht und Leistungsschutzrecht. Jede Art der Vervielf\u00e4ltigung, Bearbeitung, Verbreitung, Einspeicherung und jede Art der Verwertung au\u00dferhalb der Grenzen des Urheberrechts bedarf der vorherigen schriftlichen Zustimmung des jeweiligen Rechteinhabers. Das unerlaubte Kopieren\/Speichern der bereitgestellten Informationen ist nicht gestattet und strafbar.<\/p>\n\n\n\n<!--nextpage-->\n\n\n\n<p style=\"font-size:24px\"><span class=\"has-inline-color\" style=\"color:#0071a1\">Datenschutz<\/span><\/p>\n\n\n\n<div class=\"wp-block-group\"><div class=\"wp-block-group__inner-container is-layout-flow wp-block-group-is-layout-flow\">\n<p><strong>Datenschutz<\/strong><\/p>\n<article class=\"col2 flleft mtop\">\n<p>Wir nehmen den Schutz Ihrer pers\u00f6nlichen Daten sehr ernst. Wir behandeln Ihre personenbezogenen Daten vertraulich und entsprechend der gesetzlichen Datenschutzvorschriften sowie dieser Datenschutzerkl\u00e4rung. Die Nutzung unserer Website ist in der Regel ohne Angabe personenbezogener Daten m\u00f6glich. Soweit auf unseren Seiten personenbezogene Daten (beispielsweise Name, Anschrift oder E-Mail-Adressen) erhoben werden, erfolgt dies stets auf freiwilliger Basis. Diese Daten werden ohne Ihre ausdr\u00fcckliche Zustimmung nicht an Dritte weitergegeben. Wir weisen darauf hin, dass die Daten\u00fcbertragung im Internet (z.B. bei der Kommunikation per E-Mail) Sicherheitsl\u00fccken aufweisen kann. Ein l\u00fcckenloser Schutz der Daten vor dem Zugriff durch Dritte ist nicht m\u00f6glich. Unsere Website enth\u00e4lt diverse Links zu anderen Websites. Wir sind f\u00fcr die dortigen Strategien und Vorkehrungen zum Datenschutz oder den Inhalt dieser anderen Websites nicht verantwortlich.<\/p>\n<p><strong>SSL-Verschl\u00fcsselung<\/strong><br \/>Unsere Website nutzt aus Gr\u00fcnden der Sicherheit und zum Schutz der \u00dcbertragung vertraulicher Inhalte, wie zum Beispiel der Anfragen, die Sie an uns als Seitenbetreiber senden, eine SSL-Verschl\u00fcsselung. Eine verschl\u00fcsselte Verbindung erkennen Sie daran, dass die Adresszeile des Browsers von \u201ehttp:\/\/\u201c auf \u201ehttps:\/\/\u201c wechselt und an dem Schloss-Symbol in Ihrer Browserzeile. Wenn die SSL Verschl\u00fcsselung aktiviert ist, k\u00f6nnen die Daten, die Sie an uns \u00fcbermitteln, nicht von Dritten mitgelesen werden.<\/p>\n<p><strong>Server-Log-Files<\/strong><br \/>Der Provider dieser Website erhebt und speichert automatisch Informationen in sogenannten Server-Log Files, die Ihr Browser automatisch an uns \u00fcbermittelt. Dies sind: Browsertyp und Browserversion, verwendetes Betriebssystem, Referrer URL, Hostname des zugreifenden Rechners, Uhrzeit der Serveranfrage. Diese Daten sind nicht bestimmten Personen zuordbar. Eine Zusammenf\u00fchrung dieser Daten mit anderen Datenquellen wird nicht vorgenommen. Wir behalten uns vor, diese Daten nachtr\u00e4glich zu pr\u00fcfen, wenn uns konkrete Anhaltspunkte f\u00fcr eine rechtswidrige Nutzung bekannt werden.<\/p>\n<\/article>\n<aside class=\"col2 flright\">\n<p><strong>Formular Anmeldung Workshops<\/strong><br \/>Wenn Sie uns per Anmeldeformular Anfragen zukommen lassen, werden Ihre Angaben aus dem Anfrageformular inklusive der von Ihnen dort angegebenen Kontaktdaten zwecks Bearbeitung der Anfrage und f\u00fcr den Fall von Anschlussfragen bei uns gespeichert. Nicht alle Kontaktdaten sind Pflichtangaben. Pflichtangaben sind mit dem Zeichen * gekennzeichnet. Sie bestimmen allein dar\u00fcber, ob Sie uns, etwa im Rahmen einer Anfrage, personenbezogene Daten bekannt geben wollen oder nicht. Personenbezogene Daten werden l\u00e4ngstens sechs Monate oder bis zur Erbringung der von Ihnen gew\u00fcnschten Leistung gespeichert.<\/p>\n<p><strong>Recht auf Auskunft, L\u00f6schung, Sperrung<\/strong><br \/>Sie haben jederzeit das Recht auf unentgeltliche Auskunft \u00fcber Ihre gespeicherten personenbezogenen Daten, deren Herkunft und Empf\u00e4nger und den Zweck der Datenverarbeitung sowie ein Recht auf Berichtigung, Sperrung oder L\u00f6schung dieser Daten. Hierzu sowie zu weiteren Fragen zum Thema personenbezogene Daten k\u00f6nnen Sie sich jederzeit unter der im Impressum angegebenen Adresse an uns wenden.<\/p>\n<p id=\"google_maps\"><strong>Datenschutzerkl\u00e4rung Google Maps<\/strong><br \/>Wir verwenden auf unserer Website unter dem Men\u00fcpunkt \u201eKontakt\u201c einen den Kartendienst von Google Maps, um f\u00fcr Sie den Anfahrtsweg zu uns darzustellen und Ihnen die Planung der Anfahrt zu vereinfachen. Durch Nutzung dieser Karte erkl\u00e4ren Sie sich mit der Erfassung, Bearbeitung sowie Nutzung der automatisiert erhobenen Daten durch Google Inc, deren Vertreter sowie Dritter einverstanden. Die Nutzungsbedingungen von Google Maps finden sie unter <a href=\"https:\/\/www.google.com\/intl\/de_DE\/help\/terms_maps.html\" target=\"_blank\" rel=\"noopener noreferrer\">Nutzungsbedingungen von Google Maps<\/a>.<\/p>\n<p><strong>Datenschutzerkl\u00e4rung psychologische Beratung<\/strong><br \/>F\u00fcr die Psychologische Beratung gelten gesonderte Richtlinien zum Datenschutz bzgl. Verarbeitung Ihrer personenbezogenen und sensiblen Daten.<br \/>Bitte laden Sie sich das PDF zur Datenschutzerkl\u00e4rung f\u00fcr Psychologische Beratung herunter.<\/p>\n<\/aside>\n<\/div><\/div>\n\n\n\n<div class=\"wp-block-file\"><a href=\"https:\/\/brouwers-psychologie.de\/wp-content\/uploads\/2020\/04\/Datenschutzerkl\u00e4rung.pdf\">Datenschutzerkl\u00e4rung<\/a><a href=\"https:\/\/brouwers-psychologie.de\/wp-content\/uploads\/2020\/04\/Datenschutzerkl\u00e4rung.pdf\" class=\"wp-block-file__button wp-element-button\" download>Herunterladen<\/a><\/div>\n\n\n\n<p><\/p>\n","protected":false},"excerpt":{"rendered":"<p>Ihr direkter Kontakt Praxis f\u00fcr psychologische Beratung &amp; Coaching Amanda BrouwersBahnhofstra\u00dfe 17 (EG)71540 Murrhardt Telefon: 0176\/45924449E-Mail: amanda@brouwers-psychologie.de Kostenfreie Parkl\u00e4tze stehen gegen\u00fcber auf dem Bahnhofsgel\u00e4nde zur Verf\u00fcgung oder nach Absprache direkt vor der Praxis. Pers\u00f6nliche Gespr\u00e4chstermine nach Vereinbarung &#8211; gerne auch in Ihrer Muttersprache Deutsch, Franz\u00f6sisch oder Portugiesisch. Rufen Sie mich hierzu einfach an oder nutzen &hellip; <\/p>\n<p class=\"link-more\"><a href=\"https:\/\/brouwers-psychologie.de\/?page_id=42\" class=\"more-link\"><span class=\"screen-reader-text\">\u201eKontakt\u201c <\/span>weiterlesen<\/a><\/p>\n","protected":false},"author":1,"featured_media":0,"parent":0,"menu_order":0,"comment_status":"closed","ping_status":"closed","template":"","meta":{"footnotes":""},"class_list":["post-42","page","type-page","status-publish","hentry"],"yoast_head":"<!-- This site is optimized with the Yoast SEO plugin v26.5 - https:\/\/yoast.com\/wordpress\/plugins\/seo\/ -->\n<title>Kontakt - Praxis f\u00fcr psychologische Beratung und Coaching<\/title>\n<meta name=\"robots\" content=\"index, follow, max-snippet:-1, max-image-preview:large, max-video-preview:-1\" \/>\n<link rel=\"canonical\" href=\"https:\/\/brouwers-psychologie.de\/?page_id=42\" \/>\n<link rel=\"next\" href=\"https:\/\/brouwers-psychologie.de\/?page_id=42&page=2\" \/>\n<meta property=\"og:locale\" content=\"de_DE\" \/>\n<meta property=\"og:type\" content=\"article\" \/>\n<meta property=\"og:title\" content=\"Kontakt - Praxis f\u00fcr psychologische Beratung und Coaching\" \/>\n<meta property=\"og:description\" content=\"Ihr direkter Kontakt Praxis f\u00fcr psychologische Beratung &amp; Coaching Amanda BrouwersBahnhofstra\u00dfe 17 (EG)71540 Murrhardt Telefon: 0176\/45924449E-Mail: amanda@brouwers-psychologie.de Kostenfreie Parkl\u00e4tze stehen gegen\u00fcber auf dem Bahnhofsgel\u00e4nde zur Verf\u00fcgung oder nach Absprache direkt vor der Praxis. Pers\u00f6nliche Gespr\u00e4chstermine nach Vereinbarung &#8211; gerne auch in Ihrer Muttersprache Deutsch, Franz\u00f6sisch oder Portugiesisch. Rufen Sie mich hierzu einfach an oder nutzen &hellip; \u201eKontakt\u201c weiterlesen\" \/>\n<meta property=\"og:url\" content=\"https:\/\/brouwers-psychologie.de\/?page_id=42\" \/>\n<meta property=\"og:site_name\" content=\"Praxis f\u00fcr psychologische Beratung und Coaching\" \/>\n<meta property=\"article:modified_time\" content=\"2025-08-12T08:30:34+00:00\" \/>\n<meta property=\"og:image\" content=\"https:\/\/brouwers-psychologie.de\/wp-content\/uploads\/2025\/08\/3ac361a2-ba83-4eb4-aca2-1ca1b9a78677.jpg\" \/>\n\t<meta property=\"og:image:width\" content=\"1446\" \/>\n\t<meta property=\"og:image:height\" content=\"1600\" \/>\n\t<meta property=\"og:image:type\" content=\"image\/jpeg\" \/>\n<meta name=\"twitter:card\" content=\"summary_large_image\" \/>\n<meta name=\"twitter:label1\" content=\"Gesch\u00e4tzte Lesezeit\" \/>\n\t<meta name=\"twitter:data1\" content=\"5\u00a0Minuten\" \/>\n<script type=\"application\/ld+json\" class=\"yoast-schema-graph\">{\"@context\":\"https:\/\/schema.org\",\"@graph\":[{\"@type\":\"WebPage\",\"@id\":\"https:\/\/brouwers-psychologie.de\/?page_id=42\",\"url\":\"https:\/\/brouwers-psychologie.de\/?page_id=42\",\"name\":\"Kontakt - Praxis f\u00fcr psychologische Beratung und Coaching\",\"isPartOf\":{\"@id\":\"https:\/\/brouwers-psychologie.de\/#website\"},\"primaryImageOfPage\":{\"@id\":\"https:\/\/brouwers-psychologie.de\/?page_id=42#primaryimage\"},\"image\":{\"@id\":\"https:\/\/brouwers-psychologie.de\/?page_id=42#primaryimage\"},\"thumbnailUrl\":\"https:\/\/brouwers-psychologie.de\/wp-content\/uploads\/2025\/08\/3ac361a2-ba83-4eb4-aca2-1ca1b9a78677-925x1024.jpg\",\"datePublished\":\"2020-04-28T13:06:16+00:00\",\"dateModified\":\"2025-08-12T08:30:34+00:00\",\"inLanguage\":\"de\",\"potentialAction\":[{\"@type\":\"ReadAction\",\"target\":[\"https:\/\/brouwers-psychologie.de\/?page_id=42\"]}]},{\"@type\":\"ImageObject\",\"inLanguage\":\"de\",\"@id\":\"https:\/\/brouwers-psychologie.de\/?page_id=42#primaryimage\",\"url\":\"https:\/\/brouwers-psychologie.de\/wp-content\/uploads\/2025\/08\/3ac361a2-ba83-4eb4-aca2-1ca1b9a78677.jpg\",\"contentUrl\":\"https:\/\/brouwers-psychologie.de\/wp-content\/uploads\/2025\/08\/3ac361a2-ba83-4eb4-aca2-1ca1b9a78677.jpg\",\"width\":1446,\"height\":1600},{\"@type\":\"WebSite\",\"@id\":\"https:\/\/brouwers-psychologie.de\/#website\",\"url\":\"https:\/\/brouwers-psychologie.de\/\",\"name\":\"Praxis f\u00fcr psychologische Beratung und Coaching\",\"description\":\"Amanda Brouwers\",\"potentialAction\":[{\"@type\":\"SearchAction\",\"target\":{\"@type\":\"EntryPoint\",\"urlTemplate\":\"https:\/\/brouwers-psychologie.de\/?s={search_term_string}\"},\"query-input\":{\"@type\":\"PropertyValueSpecification\",\"valueRequired\":true,\"valueName\":\"search_term_string\"}}],\"inLanguage\":\"de\"}]}<\/script>\n<!-- \/ Yoast SEO plugin. -->","yoast_head_json":{"title":"Kontakt - Praxis f\u00fcr psychologische Beratung und Coaching","robots":{"index":"index","follow":"follow","max-snippet":"max-snippet:-1","max-image-preview":"max-image-preview:large","max-video-preview":"max-video-preview:-1"},"canonical":"https:\/\/brouwers-psychologie.de\/?page_id=42","next":"https:\/\/brouwers-psychologie.de\/?page_id=42&page=2","og_locale":"de_DE","og_type":"article","og_title":"Kontakt - Praxis f\u00fcr psychologische Beratung und Coaching","og_description":"Ihr direkter Kontakt Praxis f\u00fcr psychologische Beratung &amp; Coaching Amanda BrouwersBahnhofstra\u00dfe 17 (EG)71540 Murrhardt Telefon: 0176\/45924449E-Mail: amanda@brouwers-psychologie.de Kostenfreie Parkl\u00e4tze stehen gegen\u00fcber auf dem Bahnhofsgel\u00e4nde zur Verf\u00fcgung oder nach Absprache direkt vor der Praxis. Pers\u00f6nliche Gespr\u00e4chstermine nach Vereinbarung &#8211; gerne auch in Ihrer Muttersprache Deutsch, Franz\u00f6sisch oder Portugiesisch. Rufen Sie mich hierzu einfach an oder nutzen &hellip; \u201eKontakt\u201c weiterlesen","og_url":"https:\/\/brouwers-psychologie.de\/?page_id=42","og_site_name":"Praxis f\u00fcr psychologische Beratung und Coaching","article_modified_time":"2025-08-12T08:30:34+00:00","og_image":[{"width":1446,"height":1600,"url":"https:\/\/brouwers-psychologie.de\/wp-content\/uploads\/2025\/08\/3ac361a2-ba83-4eb4-aca2-1ca1b9a78677.jpg","type":"image\/jpeg"}],"twitter_card":"summary_large_image","twitter_misc":{"Gesch\u00e4tzte Lesezeit":"5\u00a0Minuten"},"schema":{"@context":"https:\/\/schema.org","@graph":[{"@type":"WebPage","@id":"https:\/\/brouwers-psychologie.de\/?page_id=42","url":"https:\/\/brouwers-psychologie.de\/?page_id=42","name":"Kontakt - Praxis f\u00fcr psychologische Beratung und Coaching","isPartOf":{"@id":"https:\/\/brouwers-psychologie.de\/#website"},"primaryImageOfPage":{"@id":"https:\/\/brouwers-psychologie.de\/?page_id=42#primaryimage"},"image":{"@id":"https:\/\/brouwers-psychologie.de\/?page_id=42#primaryimage"},"thumbnailUrl":"https:\/\/brouwers-psychologie.de\/wp-content\/uploads\/2025\/08\/3ac361a2-ba83-4eb4-aca2-1ca1b9a78677-925x1024.jpg","datePublished":"2020-04-28T13:06:16+00:00","dateModified":"2025-08-12T08:30:34+00:00","inLanguage":"de","potentialAction":[{"@type":"ReadAction","target":["https:\/\/brouwers-psychologie.de\/?page_id=42"]}]},{"@type":"ImageObject","inLanguage":"de","@id":"https:\/\/brouwers-psychologie.de\/?page_id=42#primaryimage","url":"https:\/\/brouwers-psychologie.de\/wp-content\/uploads\/2025\/08\/3ac361a2-ba83-4eb4-aca2-1ca1b9a78677.jpg","contentUrl":"https:\/\/brouwers-psychologie.de\/wp-content\/uploads\/2025\/08\/3ac361a2-ba83-4eb4-aca2-1ca1b9a78677.jpg","width":1446,"height":1600},{"@type":"WebSite","@id":"https:\/\/brouwers-psychologie.de\/#website","url":"https:\/\/brouwers-psychologie.de\/","name":"Praxis f\u00fcr psychologische Beratung und Coaching","description":"Amanda Brouwers","potentialAction":[{"@type":"SearchAction","target":{"@type":"EntryPoint","urlTemplate":"https:\/\/brouwers-psychologie.de\/?s={search_term_string}"},"query-input":{"@type":"PropertyValueSpecification","valueRequired":true,"valueName":"search_term_string"}}],"inLanguage":"de"}]}},"jetpack_sharing_enabled":true,"_links":{"self":[{"href":"https:\/\/brouwers-psychologie.de\/index.php?rest_route=\/wp\/v2\/pages\/42","targetHints":{"allow":["GET"]}}],"collection":[{"href":"https:\/\/brouwers-psychologie.de\/index.php?rest_route=\/wp\/v2\/pages"}],"about":[{"href":"https:\/\/brouwers-psychologie.de\/index.php?rest_route=\/wp\/v2\/types\/page"}],"author":[{"embeddable":true,"href":"https:\/\/brouwers-psychologie.de\/index.php?rest_route=\/wp\/v2\/users\/1"}],"replies":[{"embeddable":true,"href":"https:\/\/brouwers-psychologie.de\/index.php?rest_route=%2Fwp%2Fv2%2Fcomments&post=42"}],"version-history":[{"count":44,"href":"https:\/\/brouwers-psychologie.de\/index.php?rest_route=\/wp\/v2\/pages\/42\/revisions"}],"predecessor-version":[{"id":289,"href":"https:\/\/brouwers-psychologie.de\/index.php?rest_route=\/wp\/v2\/pages\/42\/revisions\/289"}],"wp:attachment":[{"href":"https:\/\/brouwers-psychologie.de\/index.php?rest_route=%2Fwp%2Fv2%2Fmedia&parent=42"}],"curies":[{"name":"wp","href":"https:\/\/api.w.org\/{rel}","templated":true}]}}