{"id":96,"date":"2020-04-28T15:37:57","date_gmt":"2020-04-28T15:37:57","guid":{"rendered":"http:\/\/brouwers-psychologie.de\/?page_id=96"},"modified":"2020-06-04T08:44:31","modified_gmt":"2020-06-04T08:44:31","slug":"coronavirus-covid-19","status":"publish","type":"page","link":"https:\/\/brouwers-psychologie.de\/?page_id=96","title":{"rendered":"Coaching"},"content":{"rendered":"\n<p style=\"font-size:24px\"><span class=\"has-inline-color\" style=\"color:#0071a1\">Umgang mit Ihren Kindern (COVID-19)     <\/span>                                                  <\/p>\n\n\n\n<p>Mit der neuen Situation COVID-19 sind viele Menschen mit einer verzerrten Sicht der Realit\u00e4t zur\u00fcckgelassen worden. Mit Gef\u00fchlen der Tr\u00e4gheit, Angst, Qual, Panik und sogar dem Gef\u00fchl, so gefangen zu sein, dass sie v\u00f6llig ohne Aktion und richtige Reaktion auf die Realit\u00e4t des Alltagslebens zur\u00fcckbleiben. Menschen verlieren sich in ihrem Selbst und wissen nicht mehr, wie sie Trost und Geborgenheit in Ihrem Alltag finden k\u00f6nnen.<\/p>\n\n\n\n<p>Genau wie f\u00fcr Kinder ist eine psychologische Hilfe f\u00fcr Eltern in dieser Zeit von gro\u00dfer Bedeutung. Damit Sie mit sich selbst umgehen k\u00f6nnen und es auch schaffen, Ihre Kinder angesichts dieser neuen Erfahrung zu sch\u00fctzen.<\/p>\n\n\n\n<p>Mit einer psychologischen Beratung ist es m\u00f6glich, w\u00e4hrend und nach dieser neuen Erfahrung mit viel mehr Selbstvertrauen in Ihr Leben zur\u00fcckzukehren und Ihre Kinder f\u00fcr jetzt und f\u00fcr die Zukunft von m\u00f6glichen Folgesch\u00e4den zu unterst\u00fctzen.<\/p>\n\n\n\n<p><\/p>\n\n\n\n<p><\/p>\n\n\n\n<p><\/p>\n\n\n\n<p>Das Virus hat durch die Ausgangsbeschr\u00e4nkungen nicht nur Einfluss auf unsere k\u00f6rperliche Fitness, auch unsere Psyche leidet. Durch das st\u00e4ndige zu Hause bleiben, um das Virus einzud\u00e4mmen, tritt bei vielen ein Ph\u00e4nomen ein. <\/p>\n\n\n\n<p>Versp\u00fcrst du, seitdem du die meiste Zeit zu Hause bist, auch eine starke M\u00fcdigkeit? Seit das Coronavirus sich in Deutschland ausbreitet, bleiben wir daheim, statt drau\u00dfen die Sonne zu genie\u00dfen. Obwohl wir uns weniger bewegen und viel mehr Freizeit haben, sind wir m\u00fcder. Statt bis Mitternacht durchmachen zu k\u00f6nnen, fallen wir schon um 22 Uhr ins Bett. Seltsam, dabei ist man doch erst so richtig m\u00fcde, wenn man sich mit k\u00f6rperlicher Arbeit ausgepowert hat.<\/p>\n\n\n\n<p>Anpassung braucht Zeit. <\/p>\n","protected":false},"excerpt":{"rendered":"<p>Umgang mit Ihren Kindern (COVID-19) Mit der neuen Situation COVID-19 sind viele Menschen mit einer verzerrten Sicht der Realit\u00e4t zur\u00fcckgelassen worden. Mit Gef\u00fchlen der Tr\u00e4gheit, Angst, Qual, Panik und sogar dem Gef\u00fchl, so gefangen zu sein, dass sie v\u00f6llig ohne Aktion und richtige Reaktion auf die Realit\u00e4t des Alltagslebens zur\u00fcckbleiben. Menschen verlieren sich in ihrem &hellip; <\/p>\n<p class=\"link-more\"><a href=\"https:\/\/brouwers-psychologie.de\/?page_id=96\" class=\"more-link\"><span class=\"screen-reader-text\">\u201eCoaching\u201c <\/span>weiterlesen<\/a><\/p>\n","protected":false},"author":1,"featured_media":0,"parent":0,"menu_order":0,"comment_status":"closed","ping_status":"closed","template":"","meta":{"footnotes":""},"class_list":["post-96","page","type-page","status-publish","hentry"],"yoast_head":"<!-- This site is optimized with the Yoast SEO plugin v26.5 - https:\/\/yoast.com\/wordpress\/plugins\/seo\/ -->\n<title>Coaching - Praxis f\u00fcr psychologische Beratung und Coaching<\/title>\n<meta name=\"robots\" content=\"index, follow, max-snippet:-1, max-image-preview:large, max-video-preview:-1\" \/>\n<link rel=\"canonical\" href=\"https:\/\/brouwers-psychologie.de\/?page_id=96\" \/>\n<meta property=\"og:locale\" content=\"de_DE\" \/>\n<meta property=\"og:type\" content=\"article\" \/>\n<meta property=\"og:title\" content=\"Coaching - Praxis f\u00fcr psychologische Beratung und Coaching\" \/>\n<meta property=\"og:description\" content=\"Umgang mit Ihren Kindern (COVID-19) Mit der neuen Situation COVID-19 sind viele Menschen mit einer verzerrten Sicht der Realit\u00e4t zur\u00fcckgelassen worden. Mit Gef\u00fchlen der Tr\u00e4gheit, Angst, Qual, Panik und sogar dem Gef\u00fchl, so gefangen zu sein, dass sie v\u00f6llig ohne Aktion und richtige Reaktion auf die Realit\u00e4t des Alltagslebens zur\u00fcckbleiben. Menschen verlieren sich in ihrem &hellip; \u201eCoaching\u201c weiterlesen\" \/>\n<meta property=\"og:url\" content=\"https:\/\/brouwers-psychologie.de\/?page_id=96\" \/>\n<meta property=\"og:site_name\" content=\"Praxis f\u00fcr psychologische Beratung und Coaching\" \/>\n<meta property=\"article:modified_time\" content=\"2020-06-04T08:44:31+00:00\" \/>\n<meta name=\"twitter:card\" content=\"summary_large_image\" \/>\n<meta name=\"twitter:label1\" content=\"Gesch\u00e4tzte Lesezeit\" \/>\n\t<meta name=\"twitter:data1\" content=\"1\u00a0Minute\" \/>\n<script type=\"application\/ld+json\" class=\"yoast-schema-graph\">{\"@context\":\"https:\/\/schema.org\",\"@graph\":[{\"@type\":\"WebPage\",\"@id\":\"https:\/\/brouwers-psychologie.de\/?page_id=96\",\"url\":\"https:\/\/brouwers-psychologie.de\/?page_id=96\",\"name\":\"Coaching - Praxis f\u00fcr psychologische Beratung und Coaching\",\"isPartOf\":{\"@id\":\"https:\/\/brouwers-psychologie.de\/#website\"},\"datePublished\":\"2020-04-28T15:37:57+00:00\",\"dateModified\":\"2020-06-04T08:44:31+00:00\",\"breadcrumb\":{\"@id\":\"https:\/\/brouwers-psychologie.de\/?page_id=96#breadcrumb\"},\"inLanguage\":\"de\",\"potentialAction\":[{\"@type\":\"ReadAction\",\"target\":[\"https:\/\/brouwers-psychologie.de\/?page_id=96\"]}]},{\"@type\":\"BreadcrumbList\",\"@id\":\"https:\/\/brouwers-psychologie.de\/?page_id=96#breadcrumb\",\"itemListElement\":[{\"@type\":\"ListItem\",\"position\":1,\"name\":\"Startseite\",\"item\":\"https:\/\/brouwers-psychologie.de\/\"},{\"@type\":\"ListItem\",\"position\":2,\"name\":\"Coaching\"}]},{\"@type\":\"WebSite\",\"@id\":\"https:\/\/brouwers-psychologie.de\/#website\",\"url\":\"https:\/\/brouwers-psychologie.de\/\",\"name\":\"Praxis f\u00fcr psychologische Beratung und Coaching\",\"description\":\"Amanda Brouwers\",\"potentialAction\":[{\"@type\":\"SearchAction\",\"target\":{\"@type\":\"EntryPoint\",\"urlTemplate\":\"https:\/\/brouwers-psychologie.de\/?s={search_term_string}\"},\"query-input\":{\"@type\":\"PropertyValueSpecification\",\"valueRequired\":true,\"valueName\":\"search_term_string\"}}],\"inLanguage\":\"de\"}]}<\/script>\n<!-- \/ Yoast SEO plugin. -->","yoast_head_json":{"title":"Coaching - Praxis f\u00fcr psychologische Beratung und Coaching","robots":{"index":"index","follow":"follow","max-snippet":"max-snippet:-1","max-image-preview":"max-image-preview:large","max-video-preview":"max-video-preview:-1"},"canonical":"https:\/\/brouwers-psychologie.de\/?page_id=96","og_locale":"de_DE","og_type":"article","og_title":"Coaching - Praxis f\u00fcr psychologische Beratung und Coaching","og_description":"Umgang mit Ihren Kindern (COVID-19) Mit der neuen Situation COVID-19 sind viele Menschen mit einer verzerrten Sicht der Realit\u00e4t zur\u00fcckgelassen worden. Mit Gef\u00fchlen der Tr\u00e4gheit, Angst, Qual, Panik und sogar dem Gef\u00fchl, so gefangen zu sein, dass sie v\u00f6llig ohne Aktion und richtige Reaktion auf die Realit\u00e4t des Alltagslebens zur\u00fcckbleiben. Menschen verlieren sich in ihrem &hellip; \u201eCoaching\u201c weiterlesen","og_url":"https:\/\/brouwers-psychologie.de\/?page_id=96","og_site_name":"Praxis f\u00fcr psychologische Beratung und Coaching","article_modified_time":"2020-06-04T08:44:31+00:00","twitter_card":"summary_large_image","twitter_misc":{"Gesch\u00e4tzte Lesezeit":"1\u00a0Minute"},"schema":{"@context":"https:\/\/schema.org","@graph":[{"@type":"WebPage","@id":"https:\/\/brouwers-psychologie.de\/?page_id=96","url":"https:\/\/brouwers-psychologie.de\/?page_id=96","name":"Coaching - Praxis f\u00fcr psychologische Beratung und Coaching","isPartOf":{"@id":"https:\/\/brouwers-psychologie.de\/#website"},"datePublished":"2020-04-28T15:37:57+00:00","dateModified":"2020-06-04T08:44:31+00:00","breadcrumb":{"@id":"https:\/\/brouwers-psychologie.de\/?page_id=96#breadcrumb"},"inLanguage":"de","potentialAction":[{"@type":"ReadAction","target":["https:\/\/brouwers-psychologie.de\/?page_id=96"]}]},{"@type":"BreadcrumbList","@id":"https:\/\/brouwers-psychologie.de\/?page_id=96#breadcrumb","itemListElement":[{"@type":"ListItem","position":1,"name":"Startseite","item":"https:\/\/brouwers-psychologie.de\/"},{"@type":"ListItem","position":2,"name":"Coaching"}]},{"@type":"WebSite","@id":"https:\/\/brouwers-psychologie.de\/#website","url":"https:\/\/brouwers-psychologie.de\/","name":"Praxis f\u00fcr psychologische Beratung und Coaching","description":"Amanda Brouwers","potentialAction":[{"@type":"SearchAction","target":{"@type":"EntryPoint","urlTemplate":"https:\/\/brouwers-psychologie.de\/?s={search_term_string}"},"query-input":{"@type":"PropertyValueSpecification","valueRequired":true,"valueName":"search_term_string"}}],"inLanguage":"de"}]}},"jetpack_sharing_enabled":true,"_links":{"self":[{"href":"https:\/\/brouwers-psychologie.de\/index.php?rest_route=\/wp\/v2\/pages\/96","targetHints":{"allow":["GET"]}}],"collection":[{"href":"https:\/\/brouwers-psychologie.de\/index.php?rest_route=\/wp\/v2\/pages"}],"about":[{"href":"https:\/\/brouwers-psychologie.de\/index.php?rest_route=\/wp\/v2\/types\/page"}],"author":[{"embeddable":true,"href":"https:\/\/brouwers-psychologie.de\/index.php?rest_route=\/wp\/v2\/users\/1"}],"replies":[{"embeddable":true,"href":"https:\/\/brouwers-psychologie.de\/index.php?rest_route=%2Fwp%2Fv2%2Fcomments&post=96"}],"version-history":[{"count":9,"href":"https:\/\/brouwers-psychologie.de\/index.php?rest_route=\/wp\/v2\/pages\/96\/revisions"}],"predecessor-version":[{"id":207,"href":"https:\/\/brouwers-psychologie.de\/index.php?rest_route=\/wp\/v2\/pages\/96\/revisions\/207"}],"wp:attachment":[{"href":"https:\/\/brouwers-psychologie.de\/index.php?rest_route=%2Fwp%2Fv2%2Fmedia&parent=96"}],"curies":[{"name":"wp","href":"https:\/\/api.w.org\/{rel}","templated":true}]}}